{"id":673,"date":"2021-07-14T05:06:19","date_gmt":"2021-07-14T03:06:19","guid":{"rendered":"https:\/\/www.brueland.no\/3d-solutions-2\/"},"modified":"2021-10-23T10:13:13","modified_gmt":"2021-10-23T08:13:13","slug":"net-solutions","status":"publish","type":"page","link":"https:\/\/www.brueland.no\/en\/net-solutions\/","title":{"rendered":"NET solutions"},"content":{"rendered":"<div id=\"pl-673\"  class=\"panel-layout\" ><div id=\"pg-673-0\"  class=\"panel-grid panel-no-style\" ><div id=\"pgc-673-0-0\"  class=\"panel-grid-cell\" ><div id=\"panel-673-0-0-0\" class=\"so-panel widget widget_sow-editor panel-first-child panel-last-child\" data-index=\"0\" ><div\n\t\t\t\n\t\t\tclass=\"so-widget-sow-editor so-widget-sow-editor-base\"\n\t\t\t\n\t\t>\n<div class=\"siteorigin-widget-tinymce textwidget\">\n\t<p style=\"text-align: center;\"><img loading=\"lazy\" decoding=\"async\" class=\"alignnone size-medium wp-image-713\" src=\"https:\/\/www.brueland.no\/wp-content\/uploads\/2021\/10\/Logo_NET-300x55.png\" alt=\"logo_net\" width=\"300\" height=\"55\" srcset=\"https:\/\/www.brueland.no\/wp-content\/uploads\/2021\/10\/Logo_NET-300x55.png 300w, https:\/\/www.brueland.no\/wp-content\/uploads\/2021\/10\/Logo_NET-768x140.png 768w, https:\/\/www.brueland.no\/wp-content\/uploads\/2021\/10\/Logo_NET-18x3.png 18w, https:\/\/www.brueland.no\/wp-content\/uploads\/2021\/10\/Logo_NET.png 1008w\" sizes=\"auto, (max-width: 300px) 100vw, 300px\" \/><\/p>\n<p style=\"text-align: center;\">Vi lager deres nettsider sammen med dere.<\/p>\n<p style=\"text-align: center;\">Alt fra det enkle til det mer avanserte.<br \/>\nDere trenger kanskje nettbutikk, vi leverer l\u00f8sningene.<\/p>\n<p style=\"text-align: center;\">Vi l\u00f8ser det aller meste...<\/p>\n<\/div>\n<\/div><\/div><\/div><div id=\"pgc-673-0-1\"  class=\"panel-grid-cell\" ><div id=\"panel-673-0-1-0\" class=\"so-panel widget widget_sow-editor panel-first-child panel-last-child\" data-index=\"1\" ><div\n\t\t\t\n\t\t\tclass=\"so-widget-sow-editor so-widget-sow-editor-base\"\n\t\t\t\n\t\t>\n<div class=\"siteorigin-widget-tinymce textwidget\">\n\t<p style=\"text-align: center;\"><img loading=\"lazy\" decoding=\"async\" class=\"alignnone size-medium wp-image-689\" src=\"https:\/\/www.brueland.no\/wp-content\/uploads\/2021\/10\/net_ill-278x300.png\" alt=\"illustrasjon\" width=\"278\" height=\"300\" srcset=\"https:\/\/www.brueland.no\/wp-content\/uploads\/2021\/10\/net_ill-278x300.png 278w, https:\/\/www.brueland.no\/wp-content\/uploads\/2021\/10\/net_ill-11x12.png 11w, https:\/\/www.brueland.no\/wp-content\/uploads\/2021\/10\/net_ill.png 342w\" sizes=\"auto, (max-width: 278px) 100vw, 278px\" \/><\/p>\n<\/div>\n<\/div><\/div><\/div><\/div><div id=\"pg-673-1\"  class=\"panel-grid panel-no-style\" ><div id=\"pgc-673-1-0\"  class=\"panel-grid-cell\" ><div id=\"panel-673-1-0-0\" class=\"so-panel widget widget_sow-editor panel-first-child panel-last-child\" data-index=\"2\" ><div\n\t\t\t\n\t\t\tclass=\"so-widget-sow-editor so-widget-sow-editor-base\"\n\t\t\t\n\t\t>\n<div class=\"siteorigin-widget-tinymce textwidget\">\n\t<p>&nbsp;<\/p>\n<p style=\"text-align: center;\">Sammen finner vi l\u00f8sningen du har bruk for.<\/p>\n<p style=\"text-align: center;\">Det skal v\u00e6re rimelig og enkelt \u00e5 ha nettsider, vi setter opp WordPress og evt. WooCommerce som er en GRATIS l\u00f8sning.<\/p>\n<p style=\"text-align: center;\">Dette betyr at de eneste kostnadene er i forbindelse med oppstart\/installasjon, kostnader med vedlikehold og leie av webhotell kommer i tillegg.<\/p>\n<p style=\"text-align: center;\">Vi er <strong>ALLTID KLAR<\/strong> til \u00e5 hjelpe dere,<a href=\"https:\/\/www.brueland.no\/en\/kontakt-oss\/\"><strong> ta kontakt s\u00e5 finner vi l\u00f8sninger<\/strong><\/a>.<\/p>\n<\/div>\n<\/div><\/div><\/div><\/div><\/div>","protected":false},"excerpt":{"rendered":"<p>Vi lager deres nettsider sammen med dere. Alt fra det enkle til det mer avanserte. Dere trenger kanskje nettbutikk, vi leverer l\u00f8sningene. Vi l\u00f8ser det aller meste&#8230; &nbsp; Sammen finner vi l\u00f8sningen du har bruk for. Det skal v\u00e6re rimelig og enkelt \u00e5 ha nettsider, vi setter opp Wordpress og evt. WooCommerce som er en [&hellip;]<\/p>\n","protected":false},"author":2,"featured_media":0,"parent":0,"menu_order":0,"comment_status":"closed","ping_status":"closed","template":"","meta":{"footnotes":""},"class_list":["post-673","page","type-page","status-publish","hentry"],"yoast_head":"<!-- This site is optimized with the Yoast SEO plugin v27.4 - https:\/\/yoast.com\/product\/yoast-seo-wordpress\/ -->\n<title>NET solutions -<\/title>\n<meta name=\"robots\" content=\"index, follow, max-snippet:-1, max-image-preview:large, max-video-preview:-1\" \/>\n<link rel=\"canonical\" href=\"https:\/\/www.brueland.no\/en\/net-solutions\/\" \/>\n<meta property=\"og:locale\" content=\"en_GB\" \/>\n<meta property=\"og:type\" content=\"article\" \/>\n<meta property=\"og:title\" content=\"NET solutions -\" \/>\n<meta property=\"og:description\" content=\"Vi lager deres nettsider sammen med dere. Alt fra det enkle til det mer avanserte. Dere trenger kanskje nettbutikk, vi leverer l\u00f8sningene. Vi l\u00f8ser det aller meste... &nbsp; Sammen finner vi l\u00f8sningen du har bruk for. Det skal v\u00e6re rimelig og enkelt \u00e5 ha nettsider, vi setter opp Wordpress og evt. WooCommerce som er en [&hellip;]\" \/>\n<meta property=\"og:url\" content=\"https:\/\/www.brueland.no\/en\/net-solutions\/\" \/>\n<meta property=\"article:publisher\" content=\"https:\/\/www.facebook.com\/djtorolav\" \/>\n<meta property=\"article:modified_time\" content=\"2021-10-23T08:13:13+00:00\" \/>\n<meta property=\"og:image\" content=\"https:\/\/www.brueland.no\/wp-content\/uploads\/2021\/10\/Logo_NET-300x55.png\" \/>\n<meta name=\"twitter:card\" content=\"summary_large_image\" \/>\n<meta name=\"twitter:label1\" content=\"Estimated reading time\" \/>\n\t<meta name=\"twitter:data1\" content=\"1 minute\" \/>\n<script type=\"application\/ld+json\" class=\"yoast-schema-graph\">{\"@context\":\"https:\\\/\\\/schema.org\",\"@graph\":[{\"@type\":\"WebPage\",\"@id\":\"https:\\\/\\\/www.brueland.no\\\/net-solutions\\\/\",\"url\":\"https:\\\/\\\/www.brueland.no\\\/net-solutions\\\/\",\"name\":\"NET solutions -\",\"isPartOf\":{\"@id\":\"https:\\\/\\\/www.brueland.no\\\/en\\\/#website\"},\"primaryImageOfPage\":{\"@id\":\"https:\\\/\\\/www.brueland.no\\\/net-solutions\\\/#primaryimage\"},\"image\":{\"@id\":\"https:\\\/\\\/www.brueland.no\\\/net-solutions\\\/#primaryimage\"},\"thumbnailUrl\":\"https:\\\/\\\/www.brueland.no\\\/wp-content\\\/uploads\\\/2021\\\/10\\\/Logo_NET-300x55.png\",\"datePublished\":\"2021-07-14T03:06:19+00:00\",\"dateModified\":\"2021-10-23T08:13:13+00:00\",\"breadcrumb\":{\"@id\":\"https:\\\/\\\/www.brueland.no\\\/net-solutions\\\/#breadcrumb\"},\"inLanguage\":\"en-GB\",\"potentialAction\":[{\"@type\":\"ReadAction\",\"target\":[\"https:\\\/\\\/www.brueland.no\\\/net-solutions\\\/\"]}]},{\"@type\":\"ImageObject\",\"inLanguage\":\"en-GB\",\"@id\":\"https:\\\/\\\/www.brueland.no\\\/net-solutions\\\/#primaryimage\",\"url\":\"https:\\\/\\\/www.brueland.no\\\/wp-content\\\/uploads\\\/2021\\\/10\\\/Logo_NET-300x55.png\",\"contentUrl\":\"https:\\\/\\\/www.brueland.no\\\/wp-content\\\/uploads\\\/2021\\\/10\\\/Logo_NET-300x55.png\"},{\"@type\":\"BreadcrumbList\",\"@id\":\"https:\\\/\\\/www.brueland.no\\\/net-solutions\\\/#breadcrumb\",\"itemListElement\":[{\"@type\":\"ListItem\",\"position\":1,\"name\":\"Hjem\",\"item\":\"https:\\\/\\\/www.brueland.no\\\/\"},{\"@type\":\"ListItem\",\"position\":2,\"name\":\"NET solutions\"}]},{\"@type\":\"WebSite\",\"@id\":\"https:\\\/\\\/www.brueland.no\\\/en\\\/#website\",\"url\":\"https:\\\/\\\/www.brueland.no\\\/en\\\/\",\"name\":\"\",\"description\":\"- vi ordner det meste\",\"potentialAction\":[{\"@type\":\"SearchAction\",\"target\":{\"@type\":\"EntryPoint\",\"urlTemplate\":\"https:\\\/\\\/www.brueland.no\\\/en\\\/?s={search_term_string}\"},\"query-input\":{\"@type\":\"PropertyValueSpecification\",\"valueRequired\":true,\"valueName\":\"search_term_string\"}}],\"inLanguage\":\"en-GB\"}]}<\/script>\n<!-- \/ Yoast SEO plugin. -->","yoast_head_json":{"title":"NET solutions -","robots":{"index":"index","follow":"follow","max-snippet":"max-snippet:-1","max-image-preview":"max-image-preview:large","max-video-preview":"max-video-preview:-1"},"canonical":"https:\/\/www.brueland.no\/en\/net-solutions\/","og_locale":"en_GB","og_type":"article","og_title":"NET solutions -","og_description":"Vi lager deres nettsider sammen med dere. Alt fra det enkle til det mer avanserte. Dere trenger kanskje nettbutikk, vi leverer l\u00f8sningene. Vi l\u00f8ser det aller meste... &nbsp; Sammen finner vi l\u00f8sningen du har bruk for. Det skal v\u00e6re rimelig og enkelt \u00e5 ha nettsider, vi setter opp Wordpress og evt. WooCommerce som er en [&hellip;]","og_url":"https:\/\/www.brueland.no\/en\/net-solutions\/","article_publisher":"https:\/\/www.facebook.com\/djtorolav","article_modified_time":"2021-10-23T08:13:13+00:00","og_image":[{"url":"https:\/\/www.brueland.no\/wp-content\/uploads\/2021\/10\/Logo_NET-300x55.png","type":"","width":"","height":""}],"twitter_card":"summary_large_image","twitter_misc":{"Estimated reading time":"1 minute"},"schema":{"@context":"https:\/\/schema.org","@graph":[{"@type":"WebPage","@id":"https:\/\/www.brueland.no\/net-solutions\/","url":"https:\/\/www.brueland.no\/net-solutions\/","name":"NET solutions -","isPartOf":{"@id":"https:\/\/www.brueland.no\/en\/#website"},"primaryImageOfPage":{"@id":"https:\/\/www.brueland.no\/net-solutions\/#primaryimage"},"image":{"@id":"https:\/\/www.brueland.no\/net-solutions\/#primaryimage"},"thumbnailUrl":"https:\/\/www.brueland.no\/wp-content\/uploads\/2021\/10\/Logo_NET-300x55.png","datePublished":"2021-07-14T03:06:19+00:00","dateModified":"2021-10-23T08:13:13+00:00","breadcrumb":{"@id":"https:\/\/www.brueland.no\/net-solutions\/#breadcrumb"},"inLanguage":"en-GB","potentialAction":[{"@type":"ReadAction","target":["https:\/\/www.brueland.no\/net-solutions\/"]}]},{"@type":"ImageObject","inLanguage":"en-GB","@id":"https:\/\/www.brueland.no\/net-solutions\/#primaryimage","url":"https:\/\/www.brueland.no\/wp-content\/uploads\/2021\/10\/Logo_NET-300x55.png","contentUrl":"https:\/\/www.brueland.no\/wp-content\/uploads\/2021\/10\/Logo_NET-300x55.png"},{"@type":"BreadcrumbList","@id":"https:\/\/www.brueland.no\/net-solutions\/#breadcrumb","itemListElement":[{"@type":"ListItem","position":1,"name":"Hjem","item":"https:\/\/www.brueland.no\/"},{"@type":"ListItem","position":2,"name":"NET solutions"}]},{"@type":"WebSite","@id":"https:\/\/www.brueland.no\/en\/#website","url":"https:\/\/www.brueland.no\/en\/","name":"","description":"- vi ordner det meste","potentialAction":[{"@type":"SearchAction","target":{"@type":"EntryPoint","urlTemplate":"https:\/\/www.brueland.no\/en\/?s={search_term_string}"},"query-input":{"@type":"PropertyValueSpecification","valueRequired":true,"valueName":"search_term_string"}}],"inLanguage":"en-GB"}]}},"_links":{"self":[{"href":"https:\/\/www.brueland.no\/en\/wp-json\/wp\/v2\/pages\/673","targetHints":{"allow":["GET"]}}],"collection":[{"href":"https:\/\/www.brueland.no\/en\/wp-json\/wp\/v2\/pages"}],"about":[{"href":"https:\/\/www.brueland.no\/en\/wp-json\/wp\/v2\/types\/page"}],"author":[{"embeddable":true,"href":"https:\/\/www.brueland.no\/en\/wp-json\/wp\/v2\/users\/2"}],"replies":[{"embeddable":true,"href":"https:\/\/www.brueland.no\/en\/wp-json\/wp\/v2\/comments?post=673"}],"version-history":[{"count":13,"href":"https:\/\/www.brueland.no\/en\/wp-json\/wp\/v2\/pages\/673\/revisions"}],"predecessor-version":[{"id":744,"href":"https:\/\/www.brueland.no\/en\/wp-json\/wp\/v2\/pages\/673\/revisions\/744"}],"wp:attachment":[{"href":"https:\/\/www.brueland.no\/en\/wp-json\/wp\/v2\/media?parent=673"}],"curies":[{"name":"wp","href":"https:\/\/api.w.org\/{rel}","templated":true}]}}