{"id":305,"date":"2020-01-22T10:00:10","date_gmt":"2020-01-22T10:00:10","guid":{"rendered":"http:\/\/www.brueland.no\/?page_id=305"},"modified":"2020-12-18T11:01:16","modified_gmt":"2020-12-18T09:01:16","slug":"laser-utleie","status":"publish","type":"page","link":"https:\/\/www.brueland.no\/en\/laser-utleie\/","title":{"rendered":"Ditt eget Lasershow"},"content":{"rendered":"<div id=\"pl-305\"  class=\"panel-layout\" ><div id=\"pg-305-0\"  class=\"panel-grid panel-no-style\" ><div id=\"pgc-305-0-0\"  class=\"panel-grid-cell\" ><div id=\"panel-305-0-0-1\" class=\"so-panel widget widget_sow-editor\" data-index=\"1\" ><div\n\t\t\t\n\t\t\tclass=\"so-widget-sow-editor so-widget-sow-editor-base\"\n\t\t\t\n\t\t>\n<div class=\"siteorigin-widget-tinymce textwidget\">\n\t<p style=\"text-align: center;\"><strong>Programmert farve lasershow<\/strong><\/p>\n<p style=\"text-align: center;\">Det er n\u00e5 mulig \u00e5 leie lasershow til bursdag, messe, diskotek og lignende.<br \/>\nVi programmerer logoer, tekst og\/eller andre motiver som kan vises statisk eller animert.<\/p>\n<p style=\"text-align: center;\">Lasershowet kan vises f.eks. p\u00e5 vegg enten inne eller utend\u00f8rs.<\/p>\n<p><figure id=\"attachment_466\" aria-describedby=\"caption-attachment-466\" style=\"width: 768px\" class=\"wp-caption aligncenter\"><img loading=\"lazy\" decoding=\"async\" class=\"wp-image-466 size-large\" src=\"https:\/\/www.brueland.no\/wp-content\/uploads\/2020\/10\/IMG_2343-768x1024.jpg\" alt=\"laser_halloween\" width=\"768\" height=\"1024\" srcset=\"https:\/\/www.brueland.no\/wp-content\/uploads\/2020\/10\/IMG_2343-768x1024.jpg 768w, https:\/\/www.brueland.no\/wp-content\/uploads\/2020\/10\/IMG_2343-225x300.jpg 225w, https:\/\/www.brueland.no\/wp-content\/uploads\/2020\/10\/IMG_2343-1152x1536.jpg 1152w, https:\/\/www.brueland.no\/wp-content\/uploads\/2020\/10\/IMG_2343-1536x2048.jpg 1536w, https:\/\/www.brueland.no\/wp-content\/uploads\/2020\/10\/IMG_2343-400x533.jpg 400w, https:\/\/www.brueland.no\/wp-content\/uploads\/2020\/10\/IMG_2343-scaled.jpg 1920w\" sizes=\"auto, (max-width: 768px) 100vw, 768px\" \/><figcaption id=\"caption-attachment-466\" class=\"wp-caption-text\">Utend\u00f8rs 2019 - Halloween<\/figcaption><\/figure><br \/>\n<figure id=\"attachment_469\" aria-describedby=\"caption-attachment-469\" style=\"width: 768px\" class=\"wp-caption aligncenter\"><img loading=\"lazy\" decoding=\"async\" class=\"wp-image-469 size-large\" src=\"https:\/\/www.brueland.no\/wp-content\/uploads\/2020\/10\/IMG_2739-768x1024.jpg\" alt=\"laser_hillevaag\" width=\"768\" height=\"1024\" srcset=\"https:\/\/www.brueland.no\/wp-content\/uploads\/2020\/10\/IMG_2739-768x1024.jpg 768w, https:\/\/www.brueland.no\/wp-content\/uploads\/2020\/10\/IMG_2739-225x300.jpg 225w, https:\/\/www.brueland.no\/wp-content\/uploads\/2020\/10\/IMG_2739-1152x1536.jpg 1152w, https:\/\/www.brueland.no\/wp-content\/uploads\/2020\/10\/IMG_2739-1536x2048.jpg 1536w, https:\/\/www.brueland.no\/wp-content\/uploads\/2020\/10\/IMG_2739-400x533.jpg 400w, https:\/\/www.brueland.no\/wp-content\/uploads\/2020\/10\/IMG_2739-scaled.jpg 1920w\" sizes=\"auto, (max-width: 768px) 100vw, 768px\" \/><figcaption id=\"caption-attachment-469\" class=\"wp-caption-text\">Utend\u00f8rs 2020, Vinterlys Hillev\u00e5g Mot gr\u00e5 murvegg ca. 6 x 8 meter avstand ca. 25 meter.<\/figcaption><\/figure><\/p>\n<p style=\"text-align: center;\"><strong>Priseksempel:<\/strong><br \/>\nProgrammering og fremvisning av show innend\u00f8rs som inneholder 10 effekter som vises i 60 minutter<br \/>\nKr. 2000,- (<em>Kj\u00f8ring inntil 20 km fra Stavanger sentrum inkl.<\/em>)<\/p>\n<\/div>\n<\/div><\/div><div id=\"panel-305-0-0-2\" class=\"so-panel widget widget_sow-editor panel-last-child\" data-index=\"2\" ><div class=\"panel-widget-style panel-widget-style-for-305-0-0-2\" ><div\n\t\t\t\n\t\t\tclass=\"so-widget-sow-editor so-widget-sow-editor-base\"\n\t\t\t\n\t\t>\n<div class=\"siteorigin-widget-tinymce textwidget\">\n\t<p style=\"text-align: center;\">SIKKERHET:<br \/>\nVi informerer i forkant og underveis ved hjelp av plakater og muntlig informasjon.<br \/>\nVi begrenser tilgang til omr\u00e5der for \u00e5 forhindre publikum \u00e5 se inn i laserlyset.<\/p>\n<p style=\"text-align: center;\"><img loading=\"lazy\" decoding=\"async\" class=\"alignnone wp-image-462 size-thumbnail\" src=\"https:\/\/www.brueland.no\/wp-content\/uploads\/2020\/10\/lasersign-150x150.png\" alt=\"lasersign\" width=\"150\" height=\"150\" srcset=\"https:\/\/www.brueland.no\/wp-content\/uploads\/2020\/10\/lasersign-150x150.png 150w, https:\/\/www.brueland.no\/wp-content\/uploads\/2020\/10\/lasersign-300x300.png 300w, https:\/\/www.brueland.no\/wp-content\/uploads\/2020\/10\/lasersign-100x100.png 100w, https:\/\/www.brueland.no\/wp-content\/uploads\/2020\/10\/lasersign.png 400w\" sizes=\"auto, (max-width: 150px) 100vw, 150px\" \/><\/p>\n<p style=\"text-align: center;\">Vi sender inn melding om dato og tidspunkt for bruk til <a href=\"https:\/\/dsa.no\/\" target=\"_blank\" rel=\"noopener noreferrer\">Direktoratet for str\u00e5levern<\/a><br \/>\ni forkant av hvert avtalte show.<\/p>\n<\/div>\n<\/div><\/div><\/div><\/div><\/div><\/div>","protected":false},"excerpt":{"rendered":"<p>Programmert farve lasershow Det er n\u00e5 mulig \u00e5 leie lasershow til bursdag, messe, diskotek og lignende. Vi programmerer logoer, tekst og\/eller andre motiver som kan vises statisk eller animert. Lasershowet kan vises f.eks. p\u00e5 vegg enten inne eller utend\u00f8rs. Priseksempel: Programmering og fremvisning av show innend\u00f8rs som inneholder 10 effekter som vises i 60 minutter [&hellip;]<\/p>\n","protected":false},"author":2,"featured_media":0,"parent":0,"menu_order":0,"comment_status":"closed","ping_status":"closed","template":"","meta":{"footnotes":""},"class_list":["post-305","page","type-page","status-publish","hentry"],"yoast_head":"<!-- This site is optimized with the Yoast SEO plugin v27.4 - https:\/\/yoast.com\/product\/yoast-seo-wordpress\/ -->\n<title>Ditt eget Lasershow -<\/title>\n<meta name=\"description\" content=\"Det er n\u00e5 mulig \u00e5 leie lasershow til bursdag, messe, diskotek og lignende.Vi programmerer logoer, tekst og\/eller andre motiver som kan vises statisk eller animert.\" \/>\n<meta name=\"robots\" content=\"index, follow, max-snippet:-1, max-image-preview:large, max-video-preview:-1\" \/>\n<link rel=\"canonical\" href=\"https:\/\/www.brueland.no\/en\/laser-utleie\/\" \/>\n<meta property=\"og:locale\" content=\"en_GB\" \/>\n<meta property=\"og:type\" content=\"article\" \/>\n<meta property=\"og:title\" content=\"Ditt eget Lasershow -\" \/>\n<meta property=\"og:description\" content=\"Det er n\u00e5 mulig \u00e5 leie lasershow til bursdag, messe, diskotek og lignende.Vi programmerer logoer, tekst og\/eller andre motiver som kan vises statisk eller animert.\" \/>\n<meta property=\"og:url\" content=\"https:\/\/www.brueland.no\/en\/laser-utleie\/\" \/>\n<meta property=\"article:publisher\" content=\"https:\/\/www.facebook.com\/djtorolav\" \/>\n<meta property=\"article:modified_time\" content=\"2020-12-18T09:01:16+00:00\" \/>\n<meta property=\"og:image\" content=\"https:\/\/www.brueland.no\/wp-content\/uploads\/2020\/10\/IMG_2343-768x1024.jpg\" \/>\n<meta name=\"twitter:card\" content=\"summary_large_image\" \/>\n<meta name=\"twitter:label1\" content=\"Estimated reading time\" \/>\n\t<meta name=\"twitter:data1\" content=\"1 minute\" \/>\n<script type=\"application\/ld+json\" class=\"yoast-schema-graph\">{\"@context\":\"https:\\\/\\\/schema.org\",\"@graph\":[{\"@type\":\"WebPage\",\"@id\":\"https:\\\/\\\/www.brueland.no\\\/laser-utleie\\\/\",\"url\":\"https:\\\/\\\/www.brueland.no\\\/laser-utleie\\\/\",\"name\":\"Ditt eget Lasershow -\",\"isPartOf\":{\"@id\":\"https:\\\/\\\/www.brueland.no\\\/en\\\/#website\"},\"primaryImageOfPage\":{\"@id\":\"https:\\\/\\\/www.brueland.no\\\/laser-utleie\\\/#primaryimage\"},\"image\":{\"@id\":\"https:\\\/\\\/www.brueland.no\\\/laser-utleie\\\/#primaryimage\"},\"thumbnailUrl\":\"https:\\\/\\\/www.brueland.no\\\/wp-content\\\/uploads\\\/2020\\\/10\\\/IMG_2343-768x1024.jpg\",\"datePublished\":\"2020-01-22T10:00:10+00:00\",\"dateModified\":\"2020-12-18T09:01:16+00:00\",\"description\":\"Det er n\u00e5 mulig \u00e5 leie lasershow til bursdag, messe, diskotek og lignende.Vi programmerer logoer, tekst og\\\/eller andre motiver som kan vises statisk eller animert.\",\"breadcrumb\":{\"@id\":\"https:\\\/\\\/www.brueland.no\\\/laser-utleie\\\/#breadcrumb\"},\"inLanguage\":\"en-GB\",\"potentialAction\":[{\"@type\":\"ReadAction\",\"target\":[\"https:\\\/\\\/www.brueland.no\\\/laser-utleie\\\/\"]}]},{\"@type\":\"ImageObject\",\"inLanguage\":\"en-GB\",\"@id\":\"https:\\\/\\\/www.brueland.no\\\/laser-utleie\\\/#primaryimage\",\"url\":\"https:\\\/\\\/www.brueland.no\\\/wp-content\\\/uploads\\\/2020\\\/10\\\/IMG_2343-768x1024.jpg\",\"contentUrl\":\"https:\\\/\\\/www.brueland.no\\\/wp-content\\\/uploads\\\/2020\\\/10\\\/IMG_2343-768x1024.jpg\"},{\"@type\":\"BreadcrumbList\",\"@id\":\"https:\\\/\\\/www.brueland.no\\\/laser-utleie\\\/#breadcrumb\",\"itemListElement\":[{\"@type\":\"ListItem\",\"position\":1,\"name\":\"Hjem\",\"item\":\"https:\\\/\\\/www.brueland.no\\\/\"},{\"@type\":\"ListItem\",\"position\":2,\"name\":\"Ditt eget Lasershow\"}]},{\"@type\":\"WebSite\",\"@id\":\"https:\\\/\\\/www.brueland.no\\\/en\\\/#website\",\"url\":\"https:\\\/\\\/www.brueland.no\\\/en\\\/\",\"name\":\"\",\"description\":\"- vi ordner det meste\",\"potentialAction\":[{\"@type\":\"SearchAction\",\"target\":{\"@type\":\"EntryPoint\",\"urlTemplate\":\"https:\\\/\\\/www.brueland.no\\\/en\\\/?s={search_term_string}\"},\"query-input\":{\"@type\":\"PropertyValueSpecification\",\"valueRequired\":true,\"valueName\":\"search_term_string\"}}],\"inLanguage\":\"en-GB\"}]}<\/script>\n<!-- \/ Yoast SEO plugin. -->","yoast_head_json":{"title":"Ditt eget Lasershow -","description":"Det er n\u00e5 mulig \u00e5 leie lasershow til bursdag, messe, diskotek og lignende.Vi programmerer logoer, tekst og\/eller andre motiver som kan vises statisk eller animert.","robots":{"index":"index","follow":"follow","max-snippet":"max-snippet:-1","max-image-preview":"max-image-preview:large","max-video-preview":"max-video-preview:-1"},"canonical":"https:\/\/www.brueland.no\/en\/laser-utleie\/","og_locale":"en_GB","og_type":"article","og_title":"Ditt eget Lasershow -","og_description":"Det er n\u00e5 mulig \u00e5 leie lasershow til bursdag, messe, diskotek og lignende.Vi programmerer logoer, tekst og\/eller andre motiver som kan vises statisk eller animert.","og_url":"https:\/\/www.brueland.no\/en\/laser-utleie\/","article_publisher":"https:\/\/www.facebook.com\/djtorolav","article_modified_time":"2020-12-18T09:01:16+00:00","og_image":[{"url":"https:\/\/www.brueland.no\/wp-content\/uploads\/2020\/10\/IMG_2343-768x1024.jpg","type":"","width":"","height":""}],"twitter_card":"summary_large_image","twitter_misc":{"Estimated reading time":"1 minute"},"schema":{"@context":"https:\/\/schema.org","@graph":[{"@type":"WebPage","@id":"https:\/\/www.brueland.no\/laser-utleie\/","url":"https:\/\/www.brueland.no\/laser-utleie\/","name":"Ditt eget Lasershow -","isPartOf":{"@id":"https:\/\/www.brueland.no\/en\/#website"},"primaryImageOfPage":{"@id":"https:\/\/www.brueland.no\/laser-utleie\/#primaryimage"},"image":{"@id":"https:\/\/www.brueland.no\/laser-utleie\/#primaryimage"},"thumbnailUrl":"https:\/\/www.brueland.no\/wp-content\/uploads\/2020\/10\/IMG_2343-768x1024.jpg","datePublished":"2020-01-22T10:00:10+00:00","dateModified":"2020-12-18T09:01:16+00:00","description":"Det er n\u00e5 mulig \u00e5 leie lasershow til bursdag, messe, diskotek og lignende.Vi programmerer logoer, tekst og\/eller andre motiver som kan vises statisk eller animert.","breadcrumb":{"@id":"https:\/\/www.brueland.no\/laser-utleie\/#breadcrumb"},"inLanguage":"en-GB","potentialAction":[{"@type":"ReadAction","target":["https:\/\/www.brueland.no\/laser-utleie\/"]}]},{"@type":"ImageObject","inLanguage":"en-GB","@id":"https:\/\/www.brueland.no\/laser-utleie\/#primaryimage","url":"https:\/\/www.brueland.no\/wp-content\/uploads\/2020\/10\/IMG_2343-768x1024.jpg","contentUrl":"https:\/\/www.brueland.no\/wp-content\/uploads\/2020\/10\/IMG_2343-768x1024.jpg"},{"@type":"BreadcrumbList","@id":"https:\/\/www.brueland.no\/laser-utleie\/#breadcrumb","itemListElement":[{"@type":"ListItem","position":1,"name":"Hjem","item":"https:\/\/www.brueland.no\/"},{"@type":"ListItem","position":2,"name":"Ditt eget Lasershow"}]},{"@type":"WebSite","@id":"https:\/\/www.brueland.no\/en\/#website","url":"https:\/\/www.brueland.no\/en\/","name":"","description":"- vi ordner det meste","potentialAction":[{"@type":"SearchAction","target":{"@type":"EntryPoint","urlTemplate":"https:\/\/www.brueland.no\/en\/?s={search_term_string}"},"query-input":{"@type":"PropertyValueSpecification","valueRequired":true,"valueName":"search_term_string"}}],"inLanguage":"en-GB"}]}},"_links":{"self":[{"href":"https:\/\/www.brueland.no\/en\/wp-json\/wp\/v2\/pages\/305","targetHints":{"allow":["GET"]}}],"collection":[{"href":"https:\/\/www.brueland.no\/en\/wp-json\/wp\/v2\/pages"}],"about":[{"href":"https:\/\/www.brueland.no\/en\/wp-json\/wp\/v2\/types\/page"}],"author":[{"embeddable":true,"href":"https:\/\/www.brueland.no\/en\/wp-json\/wp\/v2\/users\/2"}],"replies":[{"embeddable":true,"href":"https:\/\/www.brueland.no\/en\/wp-json\/wp\/v2\/comments?post=305"}],"version-history":[{"count":55,"href":"https:\/\/www.brueland.no\/en\/wp-json\/wp\/v2\/pages\/305\/revisions"}],"predecessor-version":[{"id":516,"href":"https:\/\/www.brueland.no\/en\/wp-json\/wp\/v2\/pages\/305\/revisions\/516"}],"wp:attachment":[{"href":"https:\/\/www.brueland.no\/en\/wp-json\/wp\/v2\/media?parent=305"}],"curies":[{"name":"wp","href":"https:\/\/api.w.org\/{rel}","templated":true}]}}